{"id":997,"date":"2021-06-30T09:41:24","date_gmt":"2021-06-30T07:41:24","guid":{"rendered":"https:\/\/losctt.fr\/?page_id=997"},"modified":"2021-11-05T17:49:00","modified_gmt":"2021-11-05T16:49:00","slug":"joueurs","status":"publish","type":"page","link":"https:\/\/losctt.fr\/index.php\/joueurs\/","title":{"rendered":"Joueurs"},"content":{"rendered":"\t\t<div data-elementor-type=\"wp-post\" data-elementor-id=\"997\" class=\"elementor elementor-997\">\n\t\t\t\t\t\t<section class=\"elementor-section elementor-top-section elementor-element elementor-element-33a79095 elementor-section-boxed elementor-section-height-default elementor-section-height-default\" data-id=\"33a79095\" data-element_type=\"section\" data-settings=\"{&quot;background_background&quot;:&quot;classic&quot;}\">\n\t\t\t\t\t\t\t<div class=\"elementor-background-overlay\"><\/div>\n\t\t\t\t\t\t\t<div class=\"elementor-container elementor-column-gap-default\">\n\t\t\t\t\t<div class=\"elementor-column elementor-col-33 elementor-top-column elementor-element elementor-element-b7194dc\" data-id=\"b7194dc\" data-element_type=\"column\">\n\t\t\t<div class=\"elementor-widget-wrap\">\n\t\t\t\t\t\t\t<\/div>\n\t\t<\/div>\n\t\t\t\t<div class=\"elementor-column elementor-col-33 elementor-top-column elementor-element elementor-element-3706530d\" data-id=\"3706530d\" data-element_type=\"column\">\n\t\t\t<div class=\"elementor-widget-wrap elementor-element-populated\">\n\t\t\t\t\t\t<div class=\"elementor-element elementor-element-537de1f elementor-widget elementor-widget-heading\" data-id=\"537de1f\" data-element_type=\"widget\" data-widget_type=\"heading.default\">\n\t\t\t\t<div class=\"elementor-widget-container\">\n\t\t\t\t\t<h1 class=\"elementor-heading-title elementor-size-default\">Les Joueurs<\/h1>\t\t\t\t<\/div>\n\t\t\t\t<\/div>\n\t\t\t\t\t<\/div>\n\t\t<\/div>\n\t\t\t\t<div class=\"elementor-column elementor-col-33 elementor-top-column elementor-element elementor-element-4788e5dc\" data-id=\"4788e5dc\" data-element_type=\"column\">\n\t\t\t<div class=\"elementor-widget-wrap\">\n\t\t\t\t\t\t\t<\/div>\n\t\t<\/div>\n\t\t\t\t\t<\/div>\n\t\t<\/section>\n\t\t\t\t<section class=\"elementor-section elementor-top-section elementor-element elementor-element-7789670 elementor-section-boxed elementor-section-height-default elementor-section-height-default\" data-id=\"7789670\" data-element_type=\"section\">\n\t\t\t\t\t\t<div class=\"elementor-container elementor-column-gap-default\">\n\t\t\t\t\t<div class=\"elementor-column elementor-col-100 elementor-top-column elementor-element elementor-element-217e091\" data-id=\"217e091\" data-element_type=\"column\">\n\t\t\t<div class=\"elementor-widget-wrap elementor-element-populated\">\n\t\t\t\t\t\t<div class=\"elementor-element elementor-element-b16e86b elementor-widget elementor-widget-html\" data-id=\"b16e86b\" data-element_type=\"widget\" data-widget_type=\"html.default\">\n\t\t\t\t<div class=\"elementor-widget-container\">\n\t\t\t\t\t<iframe loading=\"lazy\" src=\"https:\/\/www.pongiste.fr\/include\/pages\/statistiques.php?num_club=07590051&color=DA4453&tri=points\" width=\"100%\" height=\"100%\" scrolling=\"yes\" frameborder=\"0\"><\/iframe>\r\n<script type=\"text\/javascript\" src=\"https:\/\/www.pongiste.fr\/include\/js\/jquery.min.js\"><\/script>\r\n<script type=\"text\/javascript\" src=\"https:\/\/www.pongiste.fr\/include\/setIframeHeight-master\/dist\/set-iframe-height-parent.js\"><\/script>\t\t\t\t<\/div>\n\t\t\t\t<\/div>\n\t\t\t\t\t<\/div>\n\t\t<\/div>\n\t\t\t\t\t<\/div>\n\t\t<\/section>\n\t\t\t\t<section class=\"elementor-section elementor-top-section elementor-element elementor-element-c01672d elementor-section-boxed elementor-section-height-default elementor-section-height-default\" data-id=\"c01672d\" data-element_type=\"section\">\n\t\t\t\t\t\t<div class=\"elementor-container elementor-column-gap-default\">\n\t\t\t\t\t<div class=\"elementor-column elementor-col-100 elementor-top-column elementor-element elementor-element-b5a23fb\" data-id=\"b5a23fb\" data-element_type=\"column\">\n\t\t\t<div class=\"elementor-widget-wrap elementor-element-populated\">\n\t\t\t\t\t\t<div class=\"elementor-element elementor-element-5c6f0c5 elementor-align-center elementor-widget elementor-widget-button\" data-id=\"5c6f0c5\" data-element_type=\"widget\" data-widget_type=\"button.default\">\n\t\t\t\t<div class=\"elementor-widget-container\">\n\t\t\t\t\t\t\t\t\t<div class=\"elementor-button-wrapper\">\n\t\t\t\t\t<a class=\"elementor-button elementor-button-link elementor-size-sm\" href=\"https:\/\/losctt.fr\/index.php\/calculatrice\/\">\n\t\t\t\t\t\t<span class=\"elementor-button-content-wrapper\">\n\t\t\t\t\t\t<span class=\"elementor-button-icon\">\n\t\t\t\t<i aria-hidden=\"true\" class=\"fas fa-table-tennis\"><\/i>\t\t\t<\/span>\n\t\t\t\t\t\t\t\t\t<span class=\"elementor-button-text\">CALCULATRICE CLASSEMENT<\/span>\n\t\t\t\t\t<\/span>\n\t\t\t\t\t<\/a>\n\t\t\t\t<\/div>\n\t\t\t\t\t\t\t\t<\/div>\n\t\t\t\t<\/div>\n\t\t\t\t\t<\/div>\n\t\t<\/div>\n\t\t\t\t\t<\/div>\n\t\t<\/section>\n\t\t\t\t<\/div>\n\t\t","protected":false},"excerpt":{"rendered":"<p>Les Joueurs CALCULATRICE CLASSEMENT<\/p>\n","protected":false},"author":1,"featured_media":0,"parent":0,"menu_order":0,"comment_status":"closed","ping_status":"closed","template":"","meta":{"_monsterinsights_skip_tracking":false,"_monsterinsights_sitenote_active":false,"_monsterinsights_sitenote_note":"","_monsterinsights_sitenote_category":0,"site-sidebar-layout":"no-sidebar","site-content-layout":"page-builder","ast-site-content-layout":"default","site-content-style":"default","site-sidebar-style":"default","ast-global-header-display":"","ast-banner-title-visibility":"","ast-main-header-display":"","ast-hfb-above-header-display":"","ast-hfb-below-header-display":"","ast-hfb-mobile-header-display":"","site-post-title":"disabled","ast-breadcrumbs-content":"","ast-featured-img":"disabled","footer-sml-layout":"","theme-transparent-header-meta":"enabled","adv-header-id-meta":"","stick-header-meta":"","header-above-stick-meta":"","header-main-stick-meta":"","header-below-stick-meta":"","astra-migrate-meta-layouts":"default","ast-page-background-enabled":"default","ast-page-background-meta":{"desktop":{"background-color":"","background-image":"","background-repeat":"repeat","background-position":"center center","background-size":"auto","background-attachment":"scroll","background-type":"","background-media":"","overlay-type":"","overlay-color":"","overlay-opacity":"","overlay-gradient":""},"tablet":{"background-color":"","background-image":"","background-repeat":"repeat","background-position":"center center","background-size":"auto","background-attachment":"scroll","background-type":"","background-media":"","overlay-type":"","overlay-color":"","overlay-opacity":"","overlay-gradient":""},"mobile":{"background-color":"","background-image":"","background-repeat":"repeat","background-position":"center center","background-size":"auto","background-attachment":"scroll","background-type":"","background-media":"","overlay-type":"","overlay-color":"","overlay-opacity":"","overlay-gradient":""}},"ast-content-background-meta":{"desktop":{"background-color":"var(--ast-global-color-5)","background-image":"","background-repeat":"repeat","background-position":"center center","background-size":"auto","background-attachment":"scroll","background-type":"","background-media":"","overlay-type":"","overlay-color":"","overlay-opacity":"","overlay-gradient":""},"tablet":{"background-color":"var(--ast-global-color-5)","background-image":"","background-repeat":"repeat","background-position":"center center","background-size":"auto","background-attachment":"scroll","background-type":"","background-media":"","overlay-type":"","overlay-color":"","overlay-opacity":"","overlay-gradient":""},"mobile":{"background-color":"var(--ast-global-color-5)","background-image":"","background-repeat":"repeat","background-position":"center center","background-size":"auto","background-attachment":"scroll","background-type":"","background-media":"","overlay-type":"","overlay-color":"","overlay-opacity":"","overlay-gradient":""}},"footnotes":""},"class_list":["post-997","page","type-page","status-publish","hentry"],"yoast_head":"<!-- This site is optimized with the Yoast SEO plugin v27.4 - https:\/\/yoast.com\/product\/yoast-seo-wordpress\/ -->\n<title>Joueurs - Site officiel du LOSCTT<\/title>\n<meta name=\"description\" content=\"D\u00e9couvrez la salle du LOSCCT situ\u00e9e \u00e0 Lille proche de la station Marbrerie.\" \/>\n<meta name=\"robots\" content=\"index, follow, max-snippet:-1, max-image-preview:large, max-video-preview:-1\" \/>\n<link rel=\"canonical\" href=\"https:\/\/losctt.fr\/index.php\/joueurs\/\" \/>\n<meta property=\"og:locale\" content=\"fr_FR\" \/>\n<meta property=\"og:type\" content=\"article\" \/>\n<meta property=\"og:title\" content=\"Joueurs - Site officiel du LOSCTT\" \/>\n<meta property=\"og:description\" content=\"D\u00e9couvrez la salle du LOSCCT situ\u00e9e \u00e0 Lille proche de la station Marbrerie.\" \/>\n<meta property=\"og:url\" content=\"https:\/\/losctt.fr\/index.php\/joueurs\/\" \/>\n<meta property=\"og:site_name\" content=\"Site officiel du LOSCTT\" \/>\n<meta property=\"article:publisher\" content=\"https:\/\/www.facebook.com\/groups\/1208151419203231\" \/>\n<meta property=\"article:modified_time\" content=\"2021-11-05T16:49:00+00:00\" \/>\n<meta name=\"twitter:card\" content=\"summary_large_image\" \/>\n<meta name=\"twitter:label1\" content=\"Dur\u00e9e de lecture estim\u00e9e\" \/>\n\t<meta name=\"twitter:data1\" content=\"1 minute\" \/>\n<script type=\"application\/ld+json\" class=\"yoast-schema-graph\">{\"@context\":\"https:\\\/\\\/schema.org\",\"@graph\":[{\"@type\":\"WebPage\",\"@id\":\"https:\\\/\\\/losctt.fr\\\/index.php\\\/joueurs\\\/\",\"url\":\"https:\\\/\\\/losctt.fr\\\/index.php\\\/joueurs\\\/\",\"name\":\"Joueurs - Site officiel du LOSCTT\",\"isPartOf\":{\"@id\":\"https:\\\/\\\/losctt.fr\\\/#website\"},\"datePublished\":\"2021-06-30T07:41:24+00:00\",\"dateModified\":\"2021-11-05T16:49:00+00:00\",\"description\":\"D\u00e9couvrez la salle du LOSCCT situ\u00e9e \u00e0 Lille proche de la station Marbrerie.\",\"breadcrumb\":{\"@id\":\"https:\\\/\\\/losctt.fr\\\/index.php\\\/joueurs\\\/#breadcrumb\"},\"inLanguage\":\"fr-FR\",\"potentialAction\":[{\"@type\":\"ReadAction\",\"target\":[\"https:\\\/\\\/losctt.fr\\\/index.php\\\/joueurs\\\/\"]}]},{\"@type\":\"BreadcrumbList\",\"@id\":\"https:\\\/\\\/losctt.fr\\\/index.php\\\/joueurs\\\/#breadcrumb\",\"itemListElement\":[{\"@type\":\"ListItem\",\"position\":1,\"name\":\"Accueil\",\"item\":\"https:\\\/\\\/losctt.fr\\\/\"},{\"@type\":\"ListItem\",\"position\":2,\"name\":\"Joueurs\"}]},{\"@type\":\"WebSite\",\"@id\":\"https:\\\/\\\/losctt.fr\\\/#website\",\"url\":\"https:\\\/\\\/losctt.fr\\\/\",\"name\":\"Site officiel du LOSCTT\",\"description\":\"Bienvenue sur le site du LOSC TT\",\"publisher\":{\"@id\":\"https:\\\/\\\/losctt.fr\\\/#organization\"},\"potentialAction\":[{\"@type\":\"SearchAction\",\"target\":{\"@type\":\"EntryPoint\",\"urlTemplate\":\"https:\\\/\\\/losctt.fr\\\/?s={search_term_string}\"},\"query-input\":{\"@type\":\"PropertyValueSpecification\",\"valueRequired\":true,\"valueName\":\"search_term_string\"}}],\"inLanguage\":\"fr-FR\"},{\"@type\":\"Organization\",\"@id\":\"https:\\\/\\\/losctt.fr\\\/#organization\",\"name\":\"LOSCT TT Lille tennis de table\",\"url\":\"https:\\\/\\\/losctt.fr\\\/\",\"logo\":{\"@type\":\"ImageObject\",\"inLanguage\":\"fr-FR\",\"@id\":\"https:\\\/\\\/losctt.fr\\\/#\\\/schema\\\/logo\\\/image\\\/\",\"url\":\"https:\\\/\\\/losctt.fr\\\/wp-content\\\/uploads\\\/2021\\\/06\\\/logo_losctt_small-e1624618454785.jpg\",\"contentUrl\":\"https:\\\/\\\/losctt.fr\\\/wp-content\\\/uploads\\\/2021\\\/06\\\/logo_losctt_small-e1624618454785.jpg\",\"width\":175,\"height\":213,\"caption\":\"LOSCT TT Lille tennis de table\"},\"image\":{\"@id\":\"https:\\\/\\\/losctt.fr\\\/#\\\/schema\\\/logo\\\/image\\\/\"},\"sameAs\":[\"https:\\\/\\\/www.facebook.com\\\/groups\\\/1208151419203231\"]}]}<\/script>\n<!-- \/ Yoast SEO plugin. -->","yoast_head_json":{"title":"Joueurs - Site officiel du LOSCTT","description":"D\u00e9couvrez la salle du LOSCCT situ\u00e9e \u00e0 Lille proche de la station Marbrerie.","robots":{"index":"index","follow":"follow","max-snippet":"max-snippet:-1","max-image-preview":"max-image-preview:large","max-video-preview":"max-video-preview:-1"},"canonical":"https:\/\/losctt.fr\/index.php\/joueurs\/","og_locale":"fr_FR","og_type":"article","og_title":"Joueurs - Site officiel du LOSCTT","og_description":"D\u00e9couvrez la salle du LOSCCT situ\u00e9e \u00e0 Lille proche de la station Marbrerie.","og_url":"https:\/\/losctt.fr\/index.php\/joueurs\/","og_site_name":"Site officiel du LOSCTT","article_publisher":"https:\/\/www.facebook.com\/groups\/1208151419203231","article_modified_time":"2021-11-05T16:49:00+00:00","twitter_card":"summary_large_image","twitter_misc":{"Dur\u00e9e de lecture estim\u00e9e":"1 minute"},"schema":{"@context":"https:\/\/schema.org","@graph":[{"@type":"WebPage","@id":"https:\/\/losctt.fr\/index.php\/joueurs\/","url":"https:\/\/losctt.fr\/index.php\/joueurs\/","name":"Joueurs - Site officiel du LOSCTT","isPartOf":{"@id":"https:\/\/losctt.fr\/#website"},"datePublished":"2021-06-30T07:41:24+00:00","dateModified":"2021-11-05T16:49:00+00:00","description":"D\u00e9couvrez la salle du LOSCCT situ\u00e9e \u00e0 Lille proche de la station Marbrerie.","breadcrumb":{"@id":"https:\/\/losctt.fr\/index.php\/joueurs\/#breadcrumb"},"inLanguage":"fr-FR","potentialAction":[{"@type":"ReadAction","target":["https:\/\/losctt.fr\/index.php\/joueurs\/"]}]},{"@type":"BreadcrumbList","@id":"https:\/\/losctt.fr\/index.php\/joueurs\/#breadcrumb","itemListElement":[{"@type":"ListItem","position":1,"name":"Accueil","item":"https:\/\/losctt.fr\/"},{"@type":"ListItem","position":2,"name":"Joueurs"}]},{"@type":"WebSite","@id":"https:\/\/losctt.fr\/#website","url":"https:\/\/losctt.fr\/","name":"Site officiel du LOSCTT","description":"Bienvenue sur le site du LOSC TT","publisher":{"@id":"https:\/\/losctt.fr\/#organization"},"potentialAction":[{"@type":"SearchAction","target":{"@type":"EntryPoint","urlTemplate":"https:\/\/losctt.fr\/?s={search_term_string}"},"query-input":{"@type":"PropertyValueSpecification","valueRequired":true,"valueName":"search_term_string"}}],"inLanguage":"fr-FR"},{"@type":"Organization","@id":"https:\/\/losctt.fr\/#organization","name":"LOSCT TT Lille tennis de table","url":"https:\/\/losctt.fr\/","logo":{"@type":"ImageObject","inLanguage":"fr-FR","@id":"https:\/\/losctt.fr\/#\/schema\/logo\/image\/","url":"https:\/\/losctt.fr\/wp-content\/uploads\/2021\/06\/logo_losctt_small-e1624618454785.jpg","contentUrl":"https:\/\/losctt.fr\/wp-content\/uploads\/2021\/06\/logo_losctt_small-e1624618454785.jpg","width":175,"height":213,"caption":"LOSCT TT Lille tennis de table"},"image":{"@id":"https:\/\/losctt.fr\/#\/schema\/logo\/image\/"},"sameAs":["https:\/\/www.facebook.com\/groups\/1208151419203231"]}]}},"_links":{"self":[{"href":"https:\/\/losctt.fr\/index.php\/wp-json\/wp\/v2\/pages\/997","targetHints":{"allow":["GET"]}}],"collection":[{"href":"https:\/\/losctt.fr\/index.php\/wp-json\/wp\/v2\/pages"}],"about":[{"href":"https:\/\/losctt.fr\/index.php\/wp-json\/wp\/v2\/types\/page"}],"author":[{"embeddable":true,"href":"https:\/\/losctt.fr\/index.php\/wp-json\/wp\/v2\/users\/1"}],"replies":[{"embeddable":true,"href":"https:\/\/losctt.fr\/index.php\/wp-json\/wp\/v2\/comments?post=997"}],"version-history":[{"count":0,"href":"https:\/\/losctt.fr\/index.php\/wp-json\/wp\/v2\/pages\/997\/revisions"}],"wp:attachment":[{"href":"https:\/\/losctt.fr\/index.php\/wp-json\/wp\/v2\/media?parent=997"}],"curies":[{"name":"wp","href":"https:\/\/api.w.org\/{rel}","templated":true}]}}